{"id":64,"date":"2023-09-22T22:22:27","date_gmt":"2023-09-22T22:22:27","guid":{"rendered":"https:\/\/www.blkonlinebiz.com\/?page_id=64"},"modified":"2025-01-08T17:33:15","modified_gmt":"2025-01-09T01:33:15","slug":"home","status":"publish","type":"page","link":"https:\/\/www.blkonlinebiz.com\/es\/","title":{"rendered":"Inicio"},"content":{"rendered":"<style>\/*! elementor - v3.16.0 - 20-09-2023 *\/\n.elementor-heading-title{padding:0;margin:0;line-height:1}.elementor-widget-heading .elementor-heading-title[class*=elementor-size-]>a{color:inherit;font-size:inherit;line-height:inherit}.elementor-widget-heading .elementor-heading-title.elementor-size-small{font-size:15px}.elementor-widget-heading .elementor-heading-title.elementor-size-medium{font-size:19px}.elementor-widget-heading .elementor-heading-title.elementor-size-large{font-size:29px}.elementor-widget-heading .elementor-heading-title.elementor-size-xl{font-size:39px}.elementor-widget-heading .elementor-heading-title.elementor-size-xxl{font-size:59px}<\/style>\n<h1>Donde la innovaci\u00f3n se une a la experiencia.<\/h1>\n<style>\/*! elementor - v3.16.0 - 20-09-2023 *\/\n.elementor-widget-image{text-align:center}.elementor-widget-image a{display:inline-block}.elementor-widget-image a img[src$=\".svg\"]{width:48px}.elementor-widget-image img{vertical-align:middle;display:inline-block}<\/style>\n<p>\t\t\t\t\t\t\t\t\t\t\t\t<img loading=\"lazy\" decoding=\"async\" width=\"800\" height=\"351\" src=\"https:\/\/www.blkonlinebiz.com\/wp-content\/uploads\/2023\/09\/Best-Terminal-For-You-2-1024x449.png\" alt=\"\" srcset=\"https:\/\/www.blkonlinebiz.com\/wp-content\/uploads\/2023\/09\/Best-Terminal-For-You-2-1024x449.png 1024w, https:\/\/www.blkonlinebiz.com\/wp-content\/uploads\/2023\/09\/Best-Terminal-For-You-2-300x131.png 300w, https:\/\/www.blkonlinebiz.com\/wp-content\/uploads\/2023\/09\/Best-Terminal-For-You-2-768x336.png 768w, https:\/\/www.blkonlinebiz.com\/wp-content\/uploads\/2023\/09\/Best-Terminal-For-You-2.png 1180w\" sizes=\"auto, (max-width: 800px) 100vw, 800px\" \/>\t\t\t\t\t\t\t\t\t\t\t\t\t\t\t<\/p>\n<h4>Descubra por qu\u00e9 RBS Tech destaca entre todos los dem\u00e1s proveedores de servicios de procesamiento de tarjetas de cr\u00e9dito<\/h4>\n<p>\t\t\t<a href=\"https:\/\/www.blkonlinebiz.com\/es\/contact-us\/\"><br \/>\n\t\t\t\t\t\tComenzar<br \/>\n\t\t\t\t\t<\/a><br \/>\n\t\t\t\t\t\t\t\t\t\t\t\t\t\t\t<img loading=\"lazy\" decoding=\"async\" width=\"1180\" height=\"517\" src=\"https:\/\/www.blkonlinebiz.com\/wp-content\/uploads\/2023\/09\/Best-Terminal-For-You-2.png\" alt=\"\" srcset=\"https:\/\/www.blkonlinebiz.com\/wp-content\/uploads\/2023\/09\/Best-Terminal-For-You-2.png 1180w, https:\/\/www.blkonlinebiz.com\/wp-content\/uploads\/2023\/09\/Best-Terminal-For-You-2-300x131.png 300w, https:\/\/www.blkonlinebiz.com\/wp-content\/uploads\/2023\/09\/Best-Terminal-For-You-2-1024x449.png 1024w, https:\/\/www.blkonlinebiz.com\/wp-content\/uploads\/2023\/09\/Best-Terminal-For-You-2-768x336.png 768w\" sizes=\"auto, (max-width: 1180px) 100vw, 1180px\" \/><br \/>\n\t\t\t\t\t\t\t\t\t\t\t\t\t\t\t<img loading=\"lazy\" decoding=\"async\" width=\"1226\" height=\"386\" src=\"https:\/\/www.blkonlinebiz.com\/wp-content\/uploads\/2023\/09\/Untitled-design-92.png\" alt=\"\" srcset=\"https:\/\/www.blkonlinebiz.com\/wp-content\/uploads\/2023\/09\/Untitled-design-92.png 1226w, https:\/\/www.blkonlinebiz.com\/wp-content\/uploads\/2023\/09\/Untitled-design-92-300x94.png 300w, https:\/\/www.blkonlinebiz.com\/wp-content\/uploads\/2023\/09\/Untitled-design-92-1024x322.png 1024w, https:\/\/www.blkonlinebiz.com\/wp-content\/uploads\/2023\/09\/Untitled-design-92-768x242.png 768w, https:\/\/www.blkonlinebiz.com\/wp-content\/uploads\/2023\/09\/Untitled-design-92-18x6.png 18w\" sizes=\"auto, (max-width: 1226px) 100vw, 1226px\" \/><br \/>\n\t\t\t\t\t\t\t\t\t\t\t\t\t\t\t<img loading=\"lazy\" decoding=\"async\" width=\"1202\" height=\"895\" src=\"https:\/\/www.blkonlinebiz.com\/wp-content\/uploads\/2023\/09\/why-we-are-better.png\" alt=\"\" srcset=\"https:\/\/www.blkonlinebiz.com\/wp-content\/uploads\/2023\/09\/why-we-are-better.png 1202w, https:\/\/www.blkonlinebiz.com\/wp-content\/uploads\/2023\/09\/why-we-are-better-300x223.png 300w, https:\/\/www.blkonlinebiz.com\/wp-content\/uploads\/2023\/09\/why-we-are-better-1024x762.png 1024w, https:\/\/www.blkonlinebiz.com\/wp-content\/uploads\/2023\/09\/why-we-are-better-768x572.png 768w\" sizes=\"auto, (max-width: 1202px) 100vw, 1202px\" \/><br \/>\n\t\t\t\t\t\t\t\t\t\t\t\t\t\t\t<img loading=\"lazy\" decoding=\"async\" width=\"2560\" height=\"1855\" src=\"https:\/\/www.blkonlinebiz.com\/wp-content\/uploads\/2023\/09\/Untitled-design-86.png\" alt=\"\" srcset=\"https:\/\/www.blkonlinebiz.com\/wp-content\/uploads\/2023\/09\/Untitled-design-86.png 2560w, https:\/\/www.blkonlinebiz.com\/wp-content\/uploads\/2023\/09\/Untitled-design-86-300x217.png 300w, https:\/\/www.blkonlinebiz.com\/wp-content\/uploads\/2023\/09\/Untitled-design-86-1024x742.png 1024w, https:\/\/www.blkonlinebiz.com\/wp-content\/uploads\/2023\/09\/Untitled-design-86-768x557.png 768w, https:\/\/www.blkonlinebiz.com\/wp-content\/uploads\/2023\/09\/Untitled-design-86-1536x1113.png 1536w, https:\/\/www.blkonlinebiz.com\/wp-content\/uploads\/2023\/09\/Untitled-design-86-2048x1484.png 2048w\" sizes=\"auto, (max-width: 2560px) 100vw, 2560px\" \/>\t\t\t\t\t\t\t\t\t\t\t\t\t\t\t<\/p>\n<h2>PROFESIONAL<br \/>\nMERCANTE<br \/>\nSERVICIOS<\/h2>\n<p>\t\t\t\t\t\t\t\t\t\t\t\t\t\t\t<img loading=\"lazy\" decoding=\"async\" width=\"2560\" height=\"1855\" src=\"https:\/\/www.blkonlinebiz.com\/wp-content\/uploads\/2023\/09\/Untitled-design-86.png\" alt=\"\" srcset=\"https:\/\/www.blkonlinebiz.com\/wp-content\/uploads\/2023\/09\/Untitled-design-86.png 2560w, https:\/\/www.blkonlinebiz.com\/wp-content\/uploads\/2023\/09\/Untitled-design-86-300x217.png 300w, https:\/\/www.blkonlinebiz.com\/wp-content\/uploads\/2023\/09\/Untitled-design-86-1024x742.png 1024w, https:\/\/www.blkonlinebiz.com\/wp-content\/uploads\/2023\/09\/Untitled-design-86-768x557.png 768w, https:\/\/www.blkonlinebiz.com\/wp-content\/uploads\/2023\/09\/Untitled-design-86-1536x1113.png 1536w, https:\/\/www.blkonlinebiz.com\/wp-content\/uploads\/2023\/09\/Untitled-design-86-2048x1484.png 2048w\" sizes=\"auto, (max-width: 2560px) 100vw, 2560px\" \/>\t\t\t\t\t\t\t\t\t\t\t\t\t\t\t<\/p>\n<p>RBS Tech es el l\u00edder del sector en la prestaci\u00f3n de servicios de procesamiento de tarjetas de cr\u00e9dito sencillos y f\u00e1ciles. Nuestras creencias justas y genuinas nos mantienen dedicados a brindarle grandes servicios por un gran valor. Proporcionamos servicios de procesamiento de tarjetas de cr\u00e9dito seguros, fiables y de gran valor.<\/p>\n<p>\t\t\t<a href=\"#\"><br \/>\n\t\t\t\t\t\tQui\u00e9nes somos<br \/>\n\t\t\t\t\t<\/a><\/p>\n<h2>C\u00d3MO FUNCIONA<\/h2>\n<p>\t\t\t\t\t\t\t\t\t\t\t\t\t\t\t<img loading=\"lazy\" decoding=\"async\" width=\"640\" height=\"445\" src=\"https:\/\/www.blkonlinebiz.com\/wp-content\/uploads\/2023\/09\/3photo-1920w.webp\" alt=\"\" srcset=\"https:\/\/www.blkonlinebiz.com\/wp-content\/uploads\/2023\/09\/3photo-1920w.webp 640w, https:\/\/www.blkonlinebiz.com\/wp-content\/uploads\/2023\/09\/3photo-1920w-300x209.webp 300w\" sizes=\"auto, (max-width: 640px) 100vw, 640px\" \/>\t\t\t\t\t\t\t\t\t\t\t\t\t\t\t<\/p>\n<p>Simplemente le instalamos nuestro propio terminal, que le permite a\u00f1adir una tarifa de servicio 4% para los clientes que pagan con tarjeta de cr\u00e9dito o d\u00e9bito. Si el cliente paga con efectivo, entonces, se ahorra la tarifa de descuento 4%. Es as\u00ed de sencillo, ll\u00e1menos hoy mismo y empiece a ahorrar miles de euros en las comisiones mensuales de sus tarjetas de cr\u00e9dito.<\/p>\n<p>\t\t\t\t\t\t\t\t\t\t\t\t\t\t\t<img loading=\"lazy\" decoding=\"async\" width=\"640\" height=\"445\" src=\"https:\/\/www.blkonlinebiz.com\/wp-content\/uploads\/2023\/09\/3photo-1920w.webp\" alt=\"\" srcset=\"https:\/\/www.blkonlinebiz.com\/wp-content\/uploads\/2023\/09\/3photo-1920w.webp 640w, https:\/\/www.blkonlinebiz.com\/wp-content\/uploads\/2023\/09\/3photo-1920w-300x209.webp 300w\" sizes=\"auto, (max-width: 640px) 100vw, 640px\" \/>\t\t\t\t\t\t\t\t\t\t\t\t\t\t\t<\/p>\n<h6>Qu\u00e9 ofrecemos<\/h6>\n<h2>Escucharte y responder con software<\/h2>\n<style>\/*! elementor - v3.16.0 - 20-09-2023 *\/\n.elementor-widget-image-box .elementor-image-box-content{width:100%}@media (min-width:768px){.elementor-widget-image-box.elementor-position-left .elementor-image-box-wrapper,.elementor-widget-image-box.elementor-position-right .elementor-image-box-wrapper{display:flex}.elementor-widget-image-box.elementor-position-right .elementor-image-box-wrapper{text-align:right;flex-direction:row-reverse}.elementor-widget-image-box.elementor-position-left .elementor-image-box-wrapper{text-align:left;flex-direction:row}.elementor-widget-image-box.elementor-position-top .elementor-image-box-img{margin:auto}.elementor-widget-image-box.elementor-vertical-align-top .elementor-image-box-wrapper{align-items:flex-start}.elementor-widget-image-box.elementor-vertical-align-middle .elementor-image-box-wrapper{align-items:center}.elementor-widget-image-box.elementor-vertical-align-bottom .elementor-image-box-wrapper{align-items:flex-end}}@media (max-width:767px){.elementor-widget-image-box .elementor-image-box-img{margin-left:auto!important;margin-right:auto!important;margin-bottom:15px}}.elementor-widget-image-box .elementor-image-box-img{display:inline-block}.elementor-widget-image-box .elementor-image-box-title a{color:inherit}.elementor-widget-image-box .elementor-image-box-wrapper{text-align:center}.elementor-widget-image-box .elementor-image-box-description{margin:0}<\/style>\n<figure><a href=\"#\" tabindex=\"-1\"><img decoding=\"async\" src=\"https:\/\/www.blkonlinebiz.com\/wp-content\/uploads\/elementor\/thumbs\/3-qcv82qniwc7ly5krp1onsp2ormnbrsxm58538m99ts.png\" title=\"3\" alt=\"3\" loading=\"lazy\" \/><\/a><\/figure>\n<h4><a href=\"#\">Pedidos de comida en l\u00ednea<\/a><\/h4>\n<p>Deja de pagar las elevadas tarifas de servicio a aplicaciones de reparto de comida como Uber Eats y DoorDash.<\/p>\n<p>\t\t\t<a href=\"https:\/\/www.blkonlinebiz.com\/es\/food-online-order-delivery-solution\/\" target=\"_blank\" rel=\"noopener\"><br \/>\n\t\t\t\t\t\tM\u00e1s informaci\u00f3n<br \/>\n\t\t\t\t\t<\/a><\/p>\n<figure><a href=\"#\" tabindex=\"-1\"><img decoding=\"async\" src=\"https:\/\/www.blkonlinebiz.com\/wp-content\/uploads\/elementor\/thumbs\/1-qcv82sj7a0a6ldi1e2hwxollyee27752thg2766hhc.png\" title=\"1\" alt=\"1\" loading=\"lazy\" \/><\/a><\/figure>\n<h4><a href=\"#\">Reservas en l\u00ednea <\/a><\/h4>\n<p>Nuestra soluci\u00f3n de programaci\u00f3n y reservas de salones en l\u00ednea est\u00e1 dise\u00f1ada para que la gesti\u00f3n de los salones sea f\u00e1cil y eficaz.<\/p>\n<p>\t\t\t<a href=\"https:\/\/www.blkonlinebiz.com\/es\/online-scheduling-booking-solution\/\" target=\"_blank\" rel=\"noopener\"><br \/>\n\t\t\t\t\t\tM\u00e1s informaci\u00f3n<br \/>\n\t\t\t\t\t<\/a><\/p>\n<figure><a href=\"#\" tabindex=\"-1\"><img decoding=\"async\" src=\"https:\/\/www.blkonlinebiz.com\/wp-content\/uploads\/elementor\/thumbs\/2-qcv82qniwc7ly5krp1onsp2ormnbrsxm58538m99ts.png\" title=\"2\" alt=\"2\" loading=\"lazy\" \/><\/a><\/figure>\n<h4><a href=\"#\">Tarjeta perforada digital<\/a><\/h4>\n<p>El programa de recompensas digitales impulsa el compromiso permiti\u00e9ndole recopilar datos, facilitar el canje de recompensas y ejecutar estrategias de remarketing.<\/p>\n<p>\t\t\t<a href=\"https:\/\/www.blkonlinebiz.com\/es\/digital-rewards-program-solution\/\" target=\"_blank\" rel=\"noopener\"><br \/>\n\t\t\t\t\t\tM\u00e1s informaci\u00f3n<br \/>\n\t\t\t\t\t<\/a><\/p>\n<figure><a href=\"#\" tabindex=\"-1\"><img decoding=\"async\" src=\"https:\/\/www.blkonlinebiz.com\/wp-content\/uploads\/elementor\/thumbs\/4-qcv82ppopi6bmjm4uja187b868ryk3tvt3hlrcao00.png\" title=\"4\" alt=\"4\" loading=\"lazy\" \/><\/a><\/figure>\n<h4><a href=\"#\">Anuncios en Facebook<\/a><\/h4>\n<p>Las redes sociales se han convertido en parte integrante de nuestra vida cotidiana. El marketing en redes sociales es el proceso de utilizar las plataformas de las redes sociales para promocionar un negocio o una marca.<\/p>\n<p>\t\t\t<a href=\"https:\/\/www.blkonlinebiz.com\/es\/get-social\/\" target=\"_blank\" rel=\"noopener\"><br \/>\n\t\t\t\t\t\tM\u00e1s informaci\u00f3n<br \/>\n\t\t\t\t\t<\/a><\/p>\n<h2>Prueba gratuita y soluciones<br \/>\nDemostraci\u00f3n<\/h2>\n<p>Lorem ipsum dolor sit amet, consectetur adipiscing elit. Ut elit tellus, luctus nec ullamcorper mattis, pulvinar dapibus leo.<\/p>\n<h2>Opiniones de los clientes<\/h2>\n<style>\/*! elementor - v3.16.0 - 20-09-2023 *\/\n@charset \"UTF-8\";.elementor-star-rating{color:#ccd6df;font-family:eicons;display:inline-block}.elementor-star-rating i{display:inline-block;position:relative;font-style:normal;cursor:default}.elementor-star-rating i:before{content:\"e934\";display:block;font-size:inherit;font-family:inherit;position:absolute;overflow:hidden;color:#f0ad4e;top:0;left:0}.elementor-star-rating .elementor-star-empty:before{content:none}.elementor-star-rating .elementor-star-1:before{width:10%}.elementor-star-rating .elementor-star-2:before{width:20%}.elementor-star-rating .elementor-star-3:before{width:30%}.elementor-star-rating .elementor-star-4:before{width:40%}.elementor-star-rating .elementor-star-5:before{width:50%}.elementor-star-rating .elementor-star-6:before{width:60%}.elementor-star-rating .elementor-star-7:before{width:70%}.elementor-star-rating .elementor-star-8:before{width:80%}.elementor-star-rating .elementor-star-9:before{width:90%}.elementor-star-rating__wrapper{display:flex;align-items:center}.elementor-star-rating__title{margin-right:10px}.elementor-star-rating--align-right .elementor-star-rating__wrapper{text-align:right;justify-content:flex-end}.elementor-star-rating--align-left .elementor-star-rating__wrapper{text-align:left;justify-content:flex-start}.elementor-star-rating--align-center .elementor-star-rating__wrapper{text-align:center;justify-content:center}.elementor-star-rating--align-justify .elementor-star-rating__title{margin-right:auto}@media (max-width:1024px){.elementor-star-rating-tablet--align-right .elementor-star-rating__wrapper{text-align:right;justify-content:flex-end}.elementor-star-rating-tablet--align-left .elementor-star-rating__wrapper{text-align:left;justify-content:flex-start}.elementor-star-rating-tablet--align-center .elementor-star-rating__wrapper{text-align:center;justify-content:center}.elementor-star-rating-tablet--align-justify .elementor-star-rating__title{margin-right:auto}}@media (max-width:767px){.elementor-star-rating-mobile--align-right .elementor-star-rating__wrapper{text-align:right;justify-content:flex-end}.elementor-star-rating-mobile--align-left .elementor-star-rating__wrapper{text-align:left;justify-content:flex-start}.elementor-star-rating-mobile--align-center .elementor-star-rating__wrapper{text-align:center;justify-content:center}.elementor-star-rating-mobile--align-justify .elementor-star-rating__title{margin-right:auto}}.last-star{letter-spacing:0}.elementor--star-style-star_unicode .elementor-star-rating{font-family:Arial,Helvetica,sans-serif}.elementor--star-style-star_unicode .elementor-star-rating i:not(.elementor-star-empty):before{content:\"\u2605\"}<\/style>\n<p>\t\t\t\t\t\t\t(20.702 opiniones)<br \/>\n\t\t\t\t\t\t<i>&#9733;<\/i><i>&#9733;<\/i><i>&#9733;<\/i><i>&#9733;<\/i><i>&#9733;<\/i> 5\/5\n\t\t\t<link rel=\"stylesheet\" href=\"https:\/\/www.blkonlinebiz.com\/wp-content\/plugins\/elementor-pro\/assets\/css\/widget-carousel.min.css\">\n\t\t\t\t\t\tAptent efficitur auctor turpis dictum nisi at diam integer ex. Interdum feugiat finibus curabitur lacinia leo auctor. Primis si libero conubia lacinia eu proin amet.<br \/>\n\t\t\t\t\t\t<img decoding=\"async\" src=\"https:\/\/www.blkonlinebiz.com\/wp-content\/uploads\/2023\/09\/img__0003_Layer-5.jpg\" alt=\"Martha Harvey\"><br \/>\n\t\t\t\t\t\t\t\t<cite>Martha HarveyFundadora de la empresa<\/cite><br \/>\n\t\t\t\t\t\tAptent efficitur auctor turpis dictum nisi at diam integer ex. Interdum feugiat finibus curabitur lacinia leo auctor. Primis si libero conubia lacinia eu proin amet.<br \/>\n\t\t\t\t\t\t<img decoding=\"async\" src=\"https:\/\/www.blkonlinebiz.com\/wp-content\/uploads\/2023\/09\/img__0001_Layer-7.jpg\" alt=\"Jessica Walsh\"><br \/>\n\t\t\t\t\t\t\t\t<cite>Jessica WalshGerente de tienda<\/cite><br \/>\n\t\t\t\t\t\tAptent efficitur auctor turpis dictum nisi at diam integer ex. Interdum feugiat finibus curabitur lacinia leo auctor. Primis si libero conubia lacinia eu proin amet.<br \/>\n\t\t\t\t\t\t<img decoding=\"async\" src=\"https:\/\/www.blkonlinebiz.com\/wp-content\/uploads\/2023\/09\/img__0007_Layer-1.jpg\" alt=\"Arthur Martin\"><br \/>\n\t\t\t\t\t\t\t\t<cite>Arthur MartinCEO Lokamart<\/cite><\/p>","protected":false},"excerpt":{"rendered":"<p>Donde la innovaci\u00f3n se une a la experiencia. Descubra por qu\u00e9 RBS Tech se distingue de todos los dem\u00e1s proveedores de servicios de procesamiento de tarjetas de cr\u00e9dito Comience SERVICIOS PROFESIONALES PARA COMERCIANTES RBS Tech es l\u00edder del sector en la prestaci\u00f3n de servicios sencillos y f\u00e1ciles de procesamiento de tarjetas de cr\u00e9dito. Nuestras creencias justas y genuinas nos mantienen dedicados a brindarle grandes servicios por un gran valor. [...]<\/p>","protected":false},"author":1,"featured_media":0,"parent":0,"menu_order":0,"comment_status":"closed","ping_status":"closed","template":"","meta":{"footnotes":""},"class_list":["post-64","page","type-page","status-publish","hentry"],"_links":{"self":[{"href":"https:\/\/www.blkonlinebiz.com\/es\/wp-json\/wp\/v2\/pages\/64","targetHints":{"allow":["GET"]}}],"collection":[{"href":"https:\/\/www.blkonlinebiz.com\/es\/wp-json\/wp\/v2\/pages"}],"about":[{"href":"https:\/\/www.blkonlinebiz.com\/es\/wp-json\/wp\/v2\/types\/page"}],"author":[{"embeddable":true,"href":"https:\/\/www.blkonlinebiz.com\/es\/wp-json\/wp\/v2\/users\/1"}],"replies":[{"embeddable":true,"href":"https:\/\/www.blkonlinebiz.com\/es\/wp-json\/wp\/v2\/comments?post=64"}],"version-history":[{"count":156,"href":"https:\/\/www.blkonlinebiz.com\/es\/wp-json\/wp\/v2\/pages\/64\/revisions"}],"predecessor-version":[{"id":782,"href":"https:\/\/www.blkonlinebiz.com\/es\/wp-json\/wp\/v2\/pages\/64\/revisions\/782"}],"wp:attachment":[{"href":"https:\/\/www.blkonlinebiz.com\/es\/wp-json\/wp\/v2\/media?parent=64"}],"curies":[{"name":"wp","href":"https:\/\/api.w.org\/{rel}","templated":true}]}}