{"id":384,"date":"2023-09-24T05:46:12","date_gmt":"2023-09-24T05:46:12","guid":{"rendered":"https:\/\/www.blkonlinebiz.com\/?page_id=384"},"modified":"2023-09-26T23:57:55","modified_gmt":"2023-09-26T23:57:55","slug":"online-scheduling-booking-solution","status":"publish","type":"page","link":"https:\/\/www.blkonlinebiz.com\/es\/online-scheduling-booking-solution\/","title":{"rendered":"Reservas en l\u00ednea"},"content":{"rendered":"<div data-elementor-type=\"wp-page\" data-elementor-id=\"384\" class=\"elementor elementor-384\" data-elementor-post-type=\"page\">\n\t\t\t\t\t\t<section class=\"elementor-section elementor-top-section elementor-element elementor-element-350d6e7a elementor-section-stretched elementor-section-boxed elementor-section-height-default elementor-section-height-default\" data-id=\"350d6e7a\" data-element_type=\"section\" data-settings=\"{&quot;stretch_section&quot;:&quot;section-stretched&quot;,&quot;background_background&quot;:&quot;classic&quot;,&quot;_ha_eqh_enable&quot;:false}\">\n\t\t\t\t\t\t<div class=\"elementor-container elementor-column-gap-default\">\n\t\t\t\t\t<div class=\"elementor-column elementor-col-100 elementor-top-column elementor-element elementor-element-35b58570\" data-id=\"35b58570\" data-element_type=\"column\">\n\t\t\t<div class=\"elementor-widget-wrap elementor-element-populated\">\n\t\t\t\t\t\t<section class=\"elementor-section elementor-inner-section elementor-element elementor-element-60325359 elementor-section-boxed elementor-section-height-default elementor-section-height-default\" data-id=\"60325359\" data-element_type=\"section\" data-settings=\"{&quot;_ha_eqh_enable&quot;:false}\">\n\t\t\t\t\t\t<div class=\"elementor-container elementor-column-gap-default\">\n\t\t\t\t\t<div class=\"elementor-column elementor-col-50 elementor-inner-column elementor-element elementor-element-57d373b7\" data-id=\"57d373b7\" data-element_type=\"column\">\n\t\t\t<div class=\"elementor-widget-wrap elementor-element-populated\">\n\t\t\t\t\t\t<div class=\"elementor-element elementor-element-227ae8c7 elementor-widget elementor-widget-heading\" data-id=\"227ae8c7\" data-element_type=\"widget\" data-widget_type=\"heading.default\">\n\t\t\t\t<div class=\"elementor-widget-container\">\n\t\t\t<style>\/*! elementor - v3.23.0 - 15-07-2024 *\/\n.elementor-heading-title{padding:0;margin:0;line-height:1}.elementor-widget-heading .elementor-heading-title[class*=elementor-size-]>a{color:inherit;font-size:inherit;line-height:inherit}.elementor-widget-heading .elementor-heading-title.elementor-size-small{font-size:15px}.elementor-widget-heading .elementor-heading-title.elementor-size-medium{font-size:19px}.elementor-widget-heading .elementor-heading-title.elementor-size-large{font-size:29px}.elementor-widget-heading .elementor-heading-title.elementor-size-xl{font-size:39px}.elementor-widget-heading .elementor-heading-title.elementor-size-xxl{font-size:59px}<\/style><h2 class=\"elementor-heading-title elementor-size-default\">Reservas en l\u00ednea<\/h2>\t\t<\/div>\n\t\t\t\t<\/div>\n\t\t\t\t<div class=\"elementor-element elementor-element-952835d elementor-hidden-desktop elementor-widget elementor-widget-image\" data-id=\"952835d\" data-element_type=\"widget\" data-widget_type=\"image.default\">\n\t\t\t\t<div class=\"elementor-widget-container\">\n\t\t\t<style>\/*! elementor - v3.23.0 - 15-07-2024 *\/\n.elementor-widget-image{text-align:center}.elementor-widget-image a{display:inline-block}.elementor-widget-image a img[src$=\".svg\"]{width:48px}.elementor-widget-image img{vertical-align:middle;display:inline-block}<\/style>\t\t\t\t\t\t\t\t\t\t<img fetchpriority=\"high\" decoding=\"async\" width=\"800\" height=\"400\" src=\"https:\/\/www.blkonlinebiz.com\/wp-content\/uploads\/2023\/09\/salon-booking-system-1024x512.jpg\" class=\"attachment-large size-large wp-image-749\" alt=\"\" srcset=\"https:\/\/www.blkonlinebiz.com\/wp-content\/uploads\/2023\/09\/salon-booking-system-1024x512.jpg 1024w, https:\/\/www.blkonlinebiz.com\/wp-content\/uploads\/2023\/09\/salon-booking-system-300x150.jpg 300w, https:\/\/www.blkonlinebiz.com\/wp-content\/uploads\/2023\/09\/salon-booking-system-768x384.jpg 768w, https:\/\/www.blkonlinebiz.com\/wp-content\/uploads\/2023\/09\/salon-booking-system-18x9.jpg 18w, https:\/\/www.blkonlinebiz.com\/wp-content\/uploads\/2023\/09\/salon-booking-system.jpg 1200w\" sizes=\"(max-width: 800px) 100vw, 800px\" \/>\t\t\t\t\t\t\t\t\t\t\t\t\t<\/div>\n\t\t\t\t<\/div>\n\t\t\t\t<div class=\"elementor-element elementor-element-e0cbd7e elementor-widget elementor-widget-text-editor\" data-id=\"e0cbd7e\" data-element_type=\"widget\" data-widget_type=\"text-editor.default\">\n\t\t\t\t<div class=\"elementor-widget-container\">\n\t\t\t<style>\/*! elementor - v3.23.0 - 15-07-2024 *\/\n.elementor-widget-text-editor.elementor-drop-cap-view-stacked .elementor-drop-cap{background-color:#69727d;color:#fff}.elementor-widget-text-editor.elementor-drop-cap-view-framed .elementor-drop-cap{color:#69727d;border:3px solid;background-color:transparent}.elementor-widget-text-editor:not(.elementor-drop-cap-view-default) .elementor-drop-cap{margin-top:8px}.elementor-widget-text-editor:not(.elementor-drop-cap-view-default) .elementor-drop-cap-letter{width:1em;height:1em}.elementor-widget-text-editor .elementor-drop-cap{float:left;text-align:center;line-height:1;font-size:50px}.elementor-widget-text-editor .elementor-drop-cap-letter{display:inline-block}<\/style>\t\t\t\t<p>Nuestra soluci\u00f3n de programaci\u00f3n de citas y reservas en l\u00ednea est\u00e1 dise\u00f1ada para que la gesti\u00f3n del sal\u00f3n sea f\u00e1cil y eficaz. Nuestra plataforma permite a los clientes reservar citas en l\u00ednea, elegir su servicio preferido y realizar pagos de forma segura. Los gerentes de los salones pueden gestionar las citas, los horarios y la disponibilidad de los empleados en tiempo real, agilizando las operaciones y mejorando la experiencia del cliente.<\/p>\t\t\t\t\t\t<\/div>\n\t\t\t\t<\/div>\n\t\t\t\t<div class=\"elementor-element elementor-element-ecfc4eb elementor-tablet-align-center elementor-widget elementor-widget-button\" data-id=\"ecfc4eb\" data-element_type=\"widget\" data-widget_type=\"button.default\">\n\t\t\t\t<div class=\"elementor-widget-container\">\n\t\t\t\t\t<div class=\"elementor-button-wrapper\">\n\t\t\t<a class=\"elementor-button elementor-button-link elementor-size-lg\" href=\"https:\/\/www.blkonlinebiz.com\/es\/contact-us\/\">\n\t\t\t\t\t\t<span class=\"elementor-button-content-wrapper\">\n\t\t\t\t\t\t\t\t\t<span class=\"elementor-button-text\">Comenzar<\/span>\n\t\t\t\t\t<\/span>\n\t\t\t\t\t<\/a>\n\t\t<\/div>\n\t\t\t\t<\/div>\n\t\t\t\t<\/div>\n\t\t\t\t\t<\/div>\n\t\t<\/div>\n\t\t\t\t<div class=\"elementor-column elementor-col-50 elementor-inner-column elementor-element elementor-element-7e95a171 elementor-hidden-tablet elementor-hidden-mobile\" data-id=\"7e95a171\" data-element_type=\"column\">\n\t\t\t<div class=\"elementor-widget-wrap elementor-element-populated\">\n\t\t\t\t\t\t<div class=\"elementor-element elementor-element-113d3f9 elementor-widget elementor-widget-image\" data-id=\"113d3f9\" data-element_type=\"widget\" data-widget_type=\"image.default\">\n\t\t\t\t<div class=\"elementor-widget-container\">\n\t\t\t\t\t\t\t\t\t\t\t\t\t<img fetchpriority=\"high\" decoding=\"async\" width=\"800\" height=\"400\" src=\"https:\/\/www.blkonlinebiz.com\/wp-content\/uploads\/2023\/09\/salon-booking-system-1024x512.jpg\" class=\"attachment-large size-large wp-image-749\" alt=\"\" srcset=\"https:\/\/www.blkonlinebiz.com\/wp-content\/uploads\/2023\/09\/salon-booking-system-1024x512.jpg 1024w, https:\/\/www.blkonlinebiz.com\/wp-content\/uploads\/2023\/09\/salon-booking-system-300x150.jpg 300w, https:\/\/www.blkonlinebiz.com\/wp-content\/uploads\/2023\/09\/salon-booking-system-768x384.jpg 768w, https:\/\/www.blkonlinebiz.com\/wp-content\/uploads\/2023\/09\/salon-booking-system-18x9.jpg 18w, https:\/\/www.blkonlinebiz.com\/wp-content\/uploads\/2023\/09\/salon-booking-system.jpg 1200w\" sizes=\"(max-width: 800px) 100vw, 800px\" \/>\t\t\t\t\t\t\t\t\t\t\t\t\t<\/div>\n\t\t\t\t<\/div>\n\t\t\t\t\t<\/div>\n\t\t<\/div>\n\t\t\t\t\t<\/div>\n\t\t<\/section>\n\t\t\t\t\t<\/div>\n\t\t<\/div>\n\t\t\t\t\t<\/div>\n\t\t<\/section>\n\t\t\t\t<section class=\"elementor-section elementor-top-section elementor-element elementor-element-3757a1b7 elementor-section-stretched elementor-section-boxed elementor-section-height-default elementor-section-height-default\" data-id=\"3757a1b7\" data-element_type=\"section\" data-settings=\"{&quot;stretch_section&quot;:&quot;section-stretched&quot;,&quot;_ha_eqh_enable&quot;:false}\">\n\t\t\t\t\t\t<div class=\"elementor-container elementor-column-gap-default\">\n\t\t\t\t\t<div class=\"elementor-column elementor-col-50 elementor-top-column elementor-element elementor-element-6e670f8c\" data-id=\"6e670f8c\" data-element_type=\"column\">\n\t\t\t<div class=\"elementor-widget-wrap elementor-element-populated\">\n\t\t\t\t\t\t<div class=\"elementor-element elementor-element-2b9545e2 elementor-widget elementor-widget-image\" data-id=\"2b9545e2\" data-element_type=\"widget\" data-widget_type=\"image.default\">\n\t\t\t\t<div class=\"elementor-widget-container\">\n\t\t\t\t\t\t\t\t\t\t\t\t\t<img decoding=\"async\" width=\"798\" height=\"692\" src=\"https:\/\/www.blkonlinebiz.com\/wp-content\/uploads\/2023\/09\/2-1.png\" class=\"attachment-large size-large wp-image-394\" alt=\"\" srcset=\"https:\/\/www.blkonlinebiz.com\/wp-content\/uploads\/2023\/09\/2-1.png 798w, https:\/\/www.blkonlinebiz.com\/wp-content\/uploads\/2023\/09\/2-1-300x260.png 300w, https:\/\/www.blkonlinebiz.com\/wp-content\/uploads\/2023\/09\/2-1-768x666.png 768w\" sizes=\"(max-width: 798px) 100vw, 798px\" \/>\t\t\t\t\t\t\t\t\t\t\t\t\t<\/div>\n\t\t\t\t<\/div>\n\t\t\t\t\t<\/div>\n\t\t<\/div>\n\t\t\t\t<div class=\"elementor-column elementor-col-50 elementor-top-column elementor-element elementor-element-fbcf786\" data-id=\"fbcf786\" data-element_type=\"column\">\n\t\t\t<div class=\"elementor-widget-wrap elementor-element-populated\">\n\t\t\t\t\t\t<div class=\"elementor-element elementor-element-b6e324a elementor-widget elementor-widget-image-box\" data-id=\"b6e324a\" data-element_type=\"widget\" data-widget_type=\"image-box.default\">\n\t\t\t\t<div class=\"elementor-widget-container\">\n\t\t\t<style>\/*! elementor - v3.23.0 - 15-07-2024 *\/\n.elementor-widget-image-box .elementor-image-box-content{width:100%}@media (min-width:768px){.elementor-widget-image-box.elementor-position-left .elementor-image-box-wrapper,.elementor-widget-image-box.elementor-position-right .elementor-image-box-wrapper{display:flex}.elementor-widget-image-box.elementor-position-right .elementor-image-box-wrapper{text-align:end;flex-direction:row-reverse}.elementor-widget-image-box.elementor-position-left .elementor-image-box-wrapper{text-align:start;flex-direction:row}.elementor-widget-image-box.elementor-position-top .elementor-image-box-img{margin:auto}.elementor-widget-image-box.elementor-vertical-align-top .elementor-image-box-wrapper{align-items:flex-start}.elementor-widget-image-box.elementor-vertical-align-middle .elementor-image-box-wrapper{align-items:center}.elementor-widget-image-box.elementor-vertical-align-bottom .elementor-image-box-wrapper{align-items:flex-end}}@media (max-width:767px){.elementor-widget-image-box .elementor-image-box-img{margin-left:auto!important;margin-right:auto!important;margin-bottom:15px}}.elementor-widget-image-box .elementor-image-box-img{display:inline-block}.elementor-widget-image-box .elementor-image-box-title a{color:inherit}.elementor-widget-image-box .elementor-image-box-wrapper{text-align:center}.elementor-widget-image-box .elementor-image-box-description{margin:0}<\/style><div class=\"elementor-image-box-wrapper\"><div class=\"elementor-image-box-content\"><h4 class=\"elementor-image-box-title\">Clave la experiencia del cliente<\/h4><p class=\"elementor-image-box-description\">Sabemos que la implantaci\u00f3n de un sistema de reservas en l\u00ednea para salones de belleza puede cambiar las reglas del juego. Pero tambi\u00e9n sabemos que el software de reservas para salones de belleza puede ser complicado de configurar y dif\u00edcil de usar. Por eso hemos dise\u00f1ado nuestro sistema de reservas para que sea lo m\u00e1s f\u00e1cil de usar posible. Adem\u00e1s, nuestro equipo est\u00e1 siempre disponible para ayudarle a empezar o responder a cualquier pregunta que pueda tener.<\/p><\/div><\/div>\t\t<\/div>\n\t\t\t\t<\/div>\n\t\t\t\t\t<\/div>\n\t\t<\/div>\n\t\t\t\t\t<\/div>\n\t\t<\/section>\n\t\t\t\t<section class=\"elementor-section elementor-top-section elementor-element elementor-element-64a44969 elementor-section-stretched elementor-reverse-mobile elementor-section-boxed elementor-section-height-default elementor-section-height-default\" data-id=\"64a44969\" data-element_type=\"section\" data-settings=\"{&quot;stretch_section&quot;:&quot;section-stretched&quot;,&quot;background_background&quot;:&quot;classic&quot;,&quot;_ha_eqh_enable&quot;:false}\">\n\t\t\t\t\t\t<div class=\"elementor-container elementor-column-gap-default\">\n\t\t\t\t\t<div class=\"elementor-column elementor-col-50 elementor-top-column elementor-element elementor-element-27699fba\" data-id=\"27699fba\" data-element_type=\"column\">\n\t\t\t<div class=\"elementor-widget-wrap elementor-element-populated\">\n\t\t\t\t\t\t<div class=\"elementor-element elementor-element-8b218d1 elementor-widget elementor-widget-image-box\" data-id=\"8b218d1\" data-element_type=\"widget\" data-widget_type=\"image-box.default\">\n\t\t\t\t<div class=\"elementor-widget-container\">\n\t\t\t<div class=\"elementor-image-box-wrapper\"><div class=\"elementor-image-box-content\"><h4 class=\"elementor-image-box-title\">Su belleza Crear una soluci\u00f3n m\u00e1s eficaz <\/h4><p class=\"elementor-image-box-description\">Tambi\u00e9n sabemos que gestionar un sal\u00f3n de belleza puede ser duro. Pero nuestro mejor software para la gesti\u00f3n de citas est\u00e1 aqu\u00ed para ayudarle. Nuestro software de gesti\u00f3n de citas ha sido inventado para ayudarle a realizar un seguimiento de sus citas, clientes y estilistas. Bajo un mismo techo, puede ver toda su agenda de reservas en l\u00ednea, lo que facilita la organizaci\u00f3n y el control de su negocio de peluquer\u00eda.<\/p><\/div><\/div>\t\t<\/div>\n\t\t\t\t<\/div>\n\t\t\t\t\t<\/div>\n\t\t<\/div>\n\t\t\t\t<div class=\"elementor-column elementor-col-50 elementor-top-column elementor-element elementor-element-3380f16d\" data-id=\"3380f16d\" data-element_type=\"column\">\n\t\t\t<div class=\"elementor-widget-wrap elementor-element-populated\">\n\t\t\t\t\t\t<div class=\"elementor-element elementor-element-1190f204 elementor-widget elementor-widget-image\" data-id=\"1190f204\" data-element_type=\"widget\" data-widget_type=\"image.default\">\n\t\t\t\t<div class=\"elementor-widget-container\">\n\t\t\t\t\t\t\t\t\t\t\t\t\t<img decoding=\"async\" width=\"798\" height=\"692\" src=\"https:\/\/www.blkonlinebiz.com\/wp-content\/uploads\/2023\/09\/3-1.png\" class=\"attachment-large size-large wp-image-393\" alt=\"\" srcset=\"https:\/\/www.blkonlinebiz.com\/wp-content\/uploads\/2023\/09\/3-1.png 798w, https:\/\/www.blkonlinebiz.com\/wp-content\/uploads\/2023\/09\/3-1-300x260.png 300w, https:\/\/www.blkonlinebiz.com\/wp-content\/uploads\/2023\/09\/3-1-768x666.png 768w\" sizes=\"(max-width: 798px) 100vw, 798px\" \/>\t\t\t\t\t\t\t\t\t\t\t\t\t<\/div>\n\t\t\t\t<\/div>\n\t\t\t\t\t<\/div>\n\t\t<\/div>\n\t\t\t\t\t<\/div>\n\t\t<\/section>\n\t\t\t\t<\/div>","protected":false},"excerpt":{"rendered":"<p>Salon Online Booking Our online scheduling and salon booking solution is designed to make salon management easy and efficient. Our platform allows customers to book appointments online, choose their preferred service, and make payments securely. Salon managers can manage appointments, schedules, and employee availability in real-time, streamlining operations and enhancing the customer experience. Get Started [&hellip;]<\/p>","protected":false},"author":1,"featured_media":0,"parent":0,"menu_order":0,"comment_status":"closed","ping_status":"closed","template":"","meta":{"footnotes":""},"class_list":["post-384","page","type-page","status-publish","hentry"],"_links":{"self":[{"href":"https:\/\/www.blkonlinebiz.com\/es\/wp-json\/wp\/v2\/pages\/384","targetHints":{"allow":["GET"]}}],"collection":[{"href":"https:\/\/www.blkonlinebiz.com\/es\/wp-json\/wp\/v2\/pages"}],"about":[{"href":"https:\/\/www.blkonlinebiz.com\/es\/wp-json\/wp\/v2\/types\/page"}],"author":[{"embeddable":true,"href":"https:\/\/www.blkonlinebiz.com\/es\/wp-json\/wp\/v2\/users\/1"}],"replies":[{"embeddable":true,"href":"https:\/\/www.blkonlinebiz.com\/es\/wp-json\/wp\/v2\/comments?post=384"}],"version-history":[{"count":32,"href":"https:\/\/www.blkonlinebiz.com\/es\/wp-json\/wp\/v2\/pages\/384\/revisions"}],"predecessor-version":[{"id":788,"href":"https:\/\/www.blkonlinebiz.com\/es\/wp-json\/wp\/v2\/pages\/384\/revisions\/788"}],"wp:attachment":[{"href":"https:\/\/www.blkonlinebiz.com\/es\/wp-json\/wp\/v2\/media?parent=384"}],"curies":[{"name":"wp","href":"https:\/\/api.w.org\/{rel}","templated":true}]}}